{"id":15,"date":"2025-12-04T14:33:32","date_gmt":"2025-12-04T14:33:32","guid":{"rendered":"https:\/\/roundtriptravelsmr.com\/?page_id=15"},"modified":"2025-12-04T14:37:53","modified_gmt":"2025-12-04T14:37:53","slug":"reembolso_devoluciones","status":"publish","type":"page","link":"https:\/\/roundtriptravelsmr.com\/en\/reembolso_devoluciones\/","title":{"rendered":"Terms and Conditions"},"content":{"rendered":"<div data-elementor-type=\"wp-page\" data-elementor-id=\"15\" class=\"elementor elementor-15\" data-elementor-post-type=\"page\">\n\t\t\t\t<div class=\"elementor-element elementor-element-55a2f89 e-flex e-con-boxed e-con e-parent\" data-id=\"55a2f89\" data-element_type=\"container\" data-e-type=\"container\" data-settings=\"{&quot;background_background&quot;:&quot;classic&quot;}\">\n\t\t\t\t\t<div class=\"e-con-inner\">\n\t\t\t\t<div class=\"elementor-element elementor-element-5cdd54d elementor-widget elementor-widget-heading\" data-id=\"5cdd54d\" data-element_type=\"widget\" data-e-type=\"widget\" data-widget_type=\"heading.default\">\n\t\t\t\t\t<h2 class=\"elementor-heading-title elementor-size-default\">T\u00e9rminos y Condiciones de Uso Del Sitio Web<\/h2>\t\t\t\t<\/div>\n\t\t\t\t\t<\/div>\n\t\t\t\t<\/div>\n\t\t<div class=\"elementor-element elementor-element-69c61588 e-flex e-con-boxed e-con e-parent\" data-id=\"69c61588\" data-element_type=\"container\" data-e-type=\"container\">\n\t\t\t\t\t<div class=\"e-con-inner\">\n\t\t\t\t<div class=\"elementor-element elementor-element-4991991d elementor-widget elementor-widget-text-editor\" data-id=\"4991991d\" data-element_type=\"widget\" data-e-type=\"widget\" data-widget_type=\"text-editor.default\">\n\t\t\t\t\t\t\t\t\t<p id=\"isPasted\" data-start=\"500\" data-end=\"1129\">Bienvenido a\u00a0<strong data-start=\"532\" data-end=\"557\">Round Trip Travel.SMR<\/strong>,\u00a0un proyecto de turismo sostenible que conecta viajeros con experiencias aut\u00e9nticas en la regi\u00f3n nororiental de Colombia. Nuestro sitio web y redes sociales son una ventana para compartir historias, paisajes y culturas locales, siempre bajo el compromiso con la sostenibilidad, la preservaci\u00f3n del patrimonio cultural y el respeto hacia las comunidades que nos inspiran.<\/p>\n<p data-start=\"500\" data-end=\"1129\">Antes de navegar o interactuar con nuestro contenido digital, te invitamos a leer estos\u00a0<strong data-start=\"1019\" data-end=\"1052\">T\u00e9rminos y Condiciones de Uso<\/strong>, los cuales establecen las normas de acceso y uso responsable de este sitio.<\/p>\n<ol data-start=\"1136\" data-end=\"3954\">\n<li data-start=\"1136\" data-end=\"1338\">\n<p><strong data-start=\"1139\" data-end=\"1169\">Aceptaci\u00f3n de los T\u00e9rminos<\/strong><br data-start=\"1169\" data-end=\"1172\" \/>Al acceder y navegar en este sitio web, aceptas cumplir con los presentes T\u00e9rminos y Condiciones de Uso. Si no est\u00e1s de acuerdo, por favor, abstente de utilizarlo.<\/p>\n<\/li>\n<li data-start=\"1340\" data-end=\"1812\">\n<p><strong data-start=\"1343\" data-end=\"1368\">Propiedad intelectual<\/strong><\/p>\n<ul data-start=\"1374\" data-end=\"1812\">\n<li data-start=\"1374\" data-end=\"1565\">\n<p>Todo el contenido publicado en este sitio (textos, fotograf\u00edas, logotipos, videos, gr\u00e1ficos y dise\u00f1os) es propiedad de\u00a0<strong data-start=\"1495\" data-end=\"1520\">Round Trip Travel.SMR<\/strong>\u00a0o se utiliza con autorizaci\u00f3n de terceros.<\/p>\n<\/li>\n<li data-start=\"1569\" data-end=\"1705\">\n<p>Est\u00e1 prohibida la reproducci\u00f3n, adaptaci\u00f3n, distribuci\u00f3n o uso comercial de nuestro contenido sin autorizaci\u00f3n previa y por escrito.<\/p>\n<\/li>\n<li data-start=\"1709\" data-end=\"1812\">\n<p>Esta protecci\u00f3n se extiende tambi\u00e9n a los contenidos publicados en nuestras redes sociales oficiales.<\/p>\n<\/li>\n<\/ul>\n<\/li>\n<li data-start=\"1814\" data-end=\"2045\">\n<p><strong data-start=\"1817\" data-end=\"1848\">Uso permitido del sitio web<\/strong><\/p>\n<ul data-start=\"1854\" data-end=\"2045\">\n<li data-start=\"1854\" data-end=\"1932\">\n<p>Te comprometes a usar este sitio \u00fanicamente con fines legales y leg\u00edtimos.<\/p>\n<\/li>\n<li data-start=\"1936\" data-end=\"2045\">\n<p>No est\u00e1 permitido alterar, da\u00f1ar, hackear, sobrecargar ni interferir de ninguna forma en su funcionamiento.<\/p>\n<\/li>\n<\/ul>\n<\/li>\n<li data-start=\"2047\" data-end=\"2425\">\n<p><strong data-start=\"2050\" data-end=\"2083\">Limitaci\u00f3n de responsabilidad<\/strong><\/p>\n<ul data-start=\"2089\" data-end=\"2425\">\n<li data-start=\"2089\" data-end=\"2180\">\n<p>La informaci\u00f3n compartida en este sitio se ofrece de buena fe y con fines informativos.<\/p>\n<\/li>\n<li data-start=\"2184\" data-end=\"2425\">\n<p><strong data-start=\"2186\" data-end=\"2211\">Round Trip Travel.SMR<\/strong>\u00a0garantiza que sus aliados y plataformas asociadas cumplen con est\u00e1ndares de calidad y legalidad, pero no se responsabiliza por situaciones que se deriven del uso de servicios externos que no controla directamente.<\/p>\n<\/li>\n<\/ul>\n<\/li>\n<li data-start=\"2427\" data-end=\"3007\">\n<p><strong data-start=\"2430\" data-end=\"2474\">Enlaces externos y plataformas asociadas<\/strong><br data-start=\"2474\" data-end=\"2477\" \/>Nuestro sitio puede redirigirte a plataformas externas, como Booking, con quienes trabajamos para facilitar reservas seguras.<\/p>\n<ul data-start=\"2611\" data-end=\"3007\">\n<li data-start=\"2611\" data-end=\"2744\">\n<p>Seleccionamos \u00fanicamente enlaces a proveedores reconocidos, legalmente autorizados y confiables a nivel nacional e internacional.<\/p>\n<\/li>\n<li data-start=\"2748\" data-end=\"2886\">\n<p>Sin embargo, al tratarse de sitios externos, no podemos responsabilizarnos por su contenido, pol\u00edticas de privacidad o disponibilidad.<\/p>\n<\/li>\n<li data-start=\"2890\" data-end=\"3007\">\n<p>Te recomendamos revisar directamente los t\u00e9rminos y condiciones de cada plataforma antes de realizar transacciones.<\/p>\n<\/li>\n<\/ul>\n<\/li>\n<li data-start=\"3009\" data-end=\"3276\">\n<p><strong data-start=\"3012\" data-end=\"3045\">Protecci\u00f3n de datos y cookies<\/strong><\/p>\n<ul data-start=\"3051\" data-end=\"3276\">\n<li data-start=\"3051\" data-end=\"3164\">\n<p>Los datos personales que compartas con nosotros ser\u00e1n tratados conforme a nuestra\u00a0<strong data-start=\"3135\" data-end=\"3161\">Privacy policy<\/strong>.<\/p>\n<\/li>\n<li data-start=\"3168\" data-end=\"3276\">\n<p>El uso de cookies se encuentra regulado mediante el aviso de consentimiento mostrado al ingresar al sitio.<\/p>\n<\/li>\n<\/ul>\n<\/li>\n<li data-start=\"3278\" data-end=\"3541\">\n<p><strong data-start=\"3281\" data-end=\"3322\">Redes sociales y contenido compartido<\/strong><\/p>\n<ul data-start=\"3328\" data-end=\"3541\">\n<li data-start=\"3328\" data-end=\"3435\">\n<p>El contenido de nuestras redes sociales oficiales tambi\u00e9n se encuentra protegido por derechos de autor.<\/p>\n<\/li>\n<li data-start=\"3439\" data-end=\"3541\">\n<p>Puedes compartirlo siempre que cites la fuente, no lo modifiques y no lo uses con fines comerciales.<\/p>\n<\/li>\n<\/ul>\n<\/li>\n<li data-start=\"3543\" data-end=\"3761\">\n<p><strong data-start=\"3546\" data-end=\"3579\">Modificaciones a los T\u00e9rminos<\/strong><br data-start=\"3579\" data-end=\"3582\" \/><strong data-start=\"3585\" data-end=\"3610\">Round Trip Travel.SMR<\/strong>\u00a0podr\u00e1 actualizar estos T\u00e9rminos en cualquier momento. Cualquier modificaci\u00f3n entrar\u00e1 en vigor desde el momento de su publicaci\u00f3n en esta misma p\u00e1gina.<\/p>\n<\/li>\n<li data-start=\"3763\" data-end=\"3954\">\n<p><strong data-start=\"3766\" data-end=\"3792\">Jurisdicci\u00f3n aplicable<\/strong><br data-start=\"3792\" data-end=\"3795\" \/>Estos T\u00e9rminos se rigen por las leyes de la Rep\u00fablica de Colombia. Cualquier disputa se resolver\u00e1 ante los tribunales competentes en Santa Marta, Magdalena.<\/p>\n<\/li>\n<\/ol>\n<p id=\"isPasted\" data-start=\"3996\" data-end=\"4300\">Estos T\u00e9rminos y Condiciones de Uso deben leerse junto con nuestra\u00a0<a href=\"https:\/\/roundtriptravelsmr.com\/en\/privacy-policy\/\"><strong data-start=\"4063\" data-end=\"4089\">Privacy policy<\/strong><\/a>, donde encontrar\u00e1s informaci\u00f3n detallada sobre c\u00f3mo protegemos tus datos personales y el uso de cookies. Si tienes dudas, puedes contactarnos a trav\u00e9s de los medios oficiales disponibles en nuestro sitio web.<\/p>\t\t\t\t\t\t\t\t<\/div>\n\t\t\t\t\t<\/div>\n\t\t\t\t<\/div>\n\t\t\t\t<\/div>","protected":false},"excerpt":{"rendered":"<p>T\u00e9rminos y Condiciones de Uso Del Sitio Web Bienvenido a\u00a0Round Trip Travel.SMR,\u00a0un proyecto de turismo sostenible que conecta viajeros con experiencias aut\u00e9nticas en la regi\u00f3n nororiental de Colombia. Nuestro sitio web y redes sociales son una ventana para compartir historias, paisajes y culturas locales, siempre bajo el compromiso con la sostenibilidad, la preservaci\u00f3n del patrimonio [&hellip;]<\/p>\n","protected":false},"author":1,"featured_media":0,"parent":0,"menu_order":0,"comment_status":"closed","ping_status":"closed","template":"elementor_header_footer","meta":{"_joinchat":[],"footnotes":""},"class_list":["post-15","page","type-page","status-publish","hentry"],"blocksy_meta":[],"yoast_head":"<!-- This site is optimized with the Yoast SEO plugin v27.3 - https:\/\/yoast.com\/product\/yoast-seo-wordpress\/ -->\n<title>T\u00e9rminos y Condiciones -<\/title>\n<meta name=\"robots\" content=\"index, follow, max-snippet:-1, max-image-preview:large, max-video-preview:-1\" \/>\n<link rel=\"canonical\" href=\"https:\/\/roundtriptravelsmr.com\/en\/reembolso_devoluciones\/\" \/>\n<meta property=\"og:locale\" content=\"en_US\" \/>\n<meta property=\"og:type\" content=\"article\" \/>\n<meta property=\"og:title\" content=\"T\u00e9rminos y Condiciones -\" \/>\n<meta property=\"og:description\" content=\"T\u00e9rminos y Condiciones de Uso Del Sitio Web Bienvenido a\u00a0Round Trip Travel.SMR,\u00a0un proyecto de turismo sostenible que conecta viajeros con experiencias aut\u00e9nticas en la regi\u00f3n nororiental de Colombia. Nuestro sitio web y redes sociales son una ventana para compartir historias, paisajes y culturas locales, siempre bajo el compromiso con la sostenibilidad, la preservaci\u00f3n del patrimonio [&hellip;]\" \/>\n<meta property=\"og:url\" content=\"https:\/\/roundtriptravelsmr.com\/en\/reembolso_devoluciones\/\" \/>\n<meta property=\"og:site_name\" content=\"roundtriptravel.smr\" \/>\n<meta property=\"article:publisher\" content=\"https:\/\/www.facebook.com\/people\/Round-Trip-Travel-SMR\/61559917118221\/\" \/>\n<meta property=\"article:modified_time\" content=\"2025-12-04T14:37:53+00:00\" \/>\n<meta property=\"og:image\" content=\"https:\/\/roundtriptravelsmr.com\/wp-content\/uploads\/2026\/01\/1.png\" \/>\n\t<meta property=\"og:image:width\" content=\"500\" \/>\n\t<meta property=\"og:image:height\" content=\"500\" \/>\n\t<meta property=\"og:image:type\" content=\"image\/png\" \/>\n<meta name=\"twitter:card\" content=\"summary_large_image\" \/>\n<meta name=\"twitter:label1\" content=\"Est. reading time\" \/>\n\t<meta name=\"twitter:data1\" content=\"3 minutes\" \/>\n<script type=\"application\/ld+json\" class=\"yoast-schema-graph\">{\"@context\":\"https:\\\/\\\/schema.org\",\"@graph\":[{\"@type\":\"WebPage\",\"@id\":\"https:\\\/\\\/roundtriptravelsmr.com\\\/reembolso_devoluciones\\\/\",\"url\":\"https:\\\/\\\/roundtriptravelsmr.com\\\/reembolso_devoluciones\\\/\",\"name\":\"T\u00e9rminos y Condiciones -\",\"isPartOf\":{\"@id\":\"https:\\\/\\\/roundtriptravelsmr.com\\\/#website\"},\"datePublished\":\"2025-12-04T14:33:32+00:00\",\"dateModified\":\"2025-12-04T14:37:53+00:00\",\"breadcrumb\":{\"@id\":\"https:\\\/\\\/roundtriptravelsmr.com\\\/reembolso_devoluciones\\\/#breadcrumb\"},\"inLanguage\":\"en-US\",\"potentialAction\":[{\"@type\":\"ReadAction\",\"target\":[\"https:\\\/\\\/roundtriptravelsmr.com\\\/reembolso_devoluciones\\\/\"]}]},{\"@type\":\"BreadcrumbList\",\"@id\":\"https:\\\/\\\/roundtriptravelsmr.com\\\/reembolso_devoluciones\\\/#breadcrumb\",\"itemListElement\":[{\"@type\":\"ListItem\",\"position\":1,\"name\":\"Inicio\",\"item\":\"https:\\\/\\\/roundtriptravelsmr.com\\\/\"},{\"@type\":\"ListItem\",\"position\":2,\"name\":\"T\u00e9rminos y Condiciones\"}]},{\"@type\":\"WebSite\",\"@id\":\"https:\\\/\\\/roundtriptravelsmr.com\\\/#website\",\"url\":\"https:\\\/\\\/roundtriptravelsmr.com\\\/\",\"name\":\"roundtriptravel.smr\",\"description\":\"Tours en toda Colombia\",\"publisher\":{\"@id\":\"https:\\\/\\\/roundtriptravelsmr.com\\\/#organization\"},\"alternateName\":\"Round Trip Travel. SMR\",\"potentialAction\":[{\"@type\":\"SearchAction\",\"target\":{\"@type\":\"EntryPoint\",\"urlTemplate\":\"https:\\\/\\\/roundtriptravelsmr.com\\\/?s={search_term_string}\"},\"query-input\":{\"@type\":\"PropertyValueSpecification\",\"valueRequired\":true,\"valueName\":\"search_term_string\"}}],\"inLanguage\":\"en-US\"},{\"@type\":\"Organization\",\"@id\":\"https:\\\/\\\/roundtriptravelsmr.com\\\/#organization\",\"name\":\"Round Trip Travel. SMR\",\"url\":\"https:\\\/\\\/roundtriptravelsmr.com\\\/\",\"logo\":{\"@type\":\"ImageObject\",\"inLanguage\":\"en-US\",\"@id\":\"https:\\\/\\\/roundtriptravelsmr.com\\\/#\\\/schema\\\/logo\\\/image\\\/\",\"url\":\"https:\\\/\\\/roundtriptravelsmr.com\\\/wp-content\\\/uploads\\\/2025\\\/12\\\/Roundtriptravel.smr_.com-2.webp\",\"contentUrl\":\"https:\\\/\\\/roundtriptravelsmr.com\\\/wp-content\\\/uploads\\\/2025\\\/12\\\/Roundtriptravel.smr_.com-2.webp\",\"width\":1031,\"height\":545,\"caption\":\"Round Trip Travel. SMR\"},\"image\":{\"@id\":\"https:\\\/\\\/roundtriptravelsmr.com\\\/#\\\/schema\\\/logo\\\/image\\\/\"},\"sameAs\":[\"https:\\\/\\\/www.facebook.com\\\/people\\\/Round-Trip-Travel-SMR\\\/61559917118221\\\/\",\"https:\\\/\\\/www.instagram.com\\\/roundtriptravel_\\\/\"]}]}<\/script>\n<!-- \/ Yoast SEO plugin. -->","yoast_head_json":{"title":"T\u00e9rminos y Condiciones -","robots":{"index":"index","follow":"follow","max-snippet":"max-snippet:-1","max-image-preview":"max-image-preview:large","max-video-preview":"max-video-preview:-1"},"canonical":"https:\/\/roundtriptravelsmr.com\/en\/reembolso_devoluciones\/","og_locale":"en_US","og_type":"article","og_title":"T\u00e9rminos y Condiciones -","og_description":"T\u00e9rminos y Condiciones de Uso Del Sitio Web Bienvenido a\u00a0Round Trip Travel.SMR,\u00a0un proyecto de turismo sostenible que conecta viajeros con experiencias aut\u00e9nticas en la regi\u00f3n nororiental de Colombia. Nuestro sitio web y redes sociales son una ventana para compartir historias, paisajes y culturas locales, siempre bajo el compromiso con la sostenibilidad, la preservaci\u00f3n del patrimonio [&hellip;]","og_url":"https:\/\/roundtriptravelsmr.com\/en\/reembolso_devoluciones\/","og_site_name":"roundtriptravel.smr","article_publisher":"https:\/\/www.facebook.com\/people\/Round-Trip-Travel-SMR\/61559917118221\/","article_modified_time":"2025-12-04T14:37:53+00:00","og_image":[{"width":500,"height":500,"url":"https:\/\/roundtriptravelsmr.com\/wp-content\/uploads\/2026\/01\/1.png","type":"image\/png"}],"twitter_card":"summary_large_image","twitter_misc":{"Est. reading time":"3 minutes"},"schema":{"@context":"https:\/\/schema.org","@graph":[{"@type":"WebPage","@id":"https:\/\/roundtriptravelsmr.com\/reembolso_devoluciones\/","url":"https:\/\/roundtriptravelsmr.com\/reembolso_devoluciones\/","name":"T\u00e9rminos y Condiciones -","isPartOf":{"@id":"https:\/\/roundtriptravelsmr.com\/#website"},"datePublished":"2025-12-04T14:33:32+00:00","dateModified":"2025-12-04T14:37:53+00:00","breadcrumb":{"@id":"https:\/\/roundtriptravelsmr.com\/reembolso_devoluciones\/#breadcrumb"},"inLanguage":"en-US","potentialAction":[{"@type":"ReadAction","target":["https:\/\/roundtriptravelsmr.com\/reembolso_devoluciones\/"]}]},{"@type":"BreadcrumbList","@id":"https:\/\/roundtriptravelsmr.com\/reembolso_devoluciones\/#breadcrumb","itemListElement":[{"@type":"ListItem","position":1,"name":"Inicio","item":"https:\/\/roundtriptravelsmr.com\/"},{"@type":"ListItem","position":2,"name":"T\u00e9rminos y Condiciones"}]},{"@type":"WebSite","@id":"https:\/\/roundtriptravelsmr.com\/#website","url":"https:\/\/roundtriptravelsmr.com\/","name":"roundtriptravel.smr","description":"Tours in all of Colombia","publisher":{"@id":"https:\/\/roundtriptravelsmr.com\/#organization"},"alternateName":"Round Trip Travel. SMR","potentialAction":[{"@type":"SearchAction","target":{"@type":"EntryPoint","urlTemplate":"https:\/\/roundtriptravelsmr.com\/?s={search_term_string}"},"query-input":{"@type":"PropertyValueSpecification","valueRequired":true,"valueName":"search_term_string"}}],"inLanguage":"en-US"},{"@type":"Organization","@id":"https:\/\/roundtriptravelsmr.com\/#organization","name":"Round Trip Travel. SMR","url":"https:\/\/roundtriptravelsmr.com\/","logo":{"@type":"ImageObject","inLanguage":"en-US","@id":"https:\/\/roundtriptravelsmr.com\/#\/schema\/logo\/image\/","url":"https:\/\/roundtriptravelsmr.com\/wp-content\/uploads\/2025\/12\/Roundtriptravel.smr_.com-2.webp","contentUrl":"https:\/\/roundtriptravelsmr.com\/wp-content\/uploads\/2025\/12\/Roundtriptravel.smr_.com-2.webp","width":1031,"height":545,"caption":"Round Trip Travel. SMR"},"image":{"@id":"https:\/\/roundtriptravelsmr.com\/#\/schema\/logo\/image\/"},"sameAs":["https:\/\/www.facebook.com\/people\/Round-Trip-Travel-SMR\/61559917118221\/","https:\/\/www.instagram.com\/roundtriptravel_\/"]}]}},"_links":{"self":[{"href":"https:\/\/roundtriptravelsmr.com\/en\/wp-json\/wp\/v2\/pages\/15","targetHints":{"allow":["GET"]}}],"collection":[{"href":"https:\/\/roundtriptravelsmr.com\/en\/wp-json\/wp\/v2\/pages"}],"about":[{"href":"https:\/\/roundtriptravelsmr.com\/en\/wp-json\/wp\/v2\/types\/page"}],"author":[{"embeddable":true,"href":"https:\/\/roundtriptravelsmr.com\/en\/wp-json\/wp\/v2\/users\/1"}],"replies":[{"embeddable":true,"href":"https:\/\/roundtriptravelsmr.com\/en\/wp-json\/wp\/v2\/comments?post=15"}],"version-history":[{"count":7,"href":"https:\/\/roundtriptravelsmr.com\/en\/wp-json\/wp\/v2\/pages\/15\/revisions"}],"predecessor-version":[{"id":295,"href":"https:\/\/roundtriptravelsmr.com\/en\/wp-json\/wp\/v2\/pages\/15\/revisions\/295"}],"wp:attachment":[{"href":"https:\/\/roundtriptravelsmr.com\/en\/wp-json\/wp\/v2\/media?parent=15"}],"curies":[{"name":"wp","href":"https:\/\/api.w.org\/{rel}","templated":true}]}}