{"id":73,"date":"2025-12-02T15:31:05","date_gmt":"2025-12-02T15:31:05","guid":{"rendered":"https:\/\/roundtriptravelsmr.com\/?page_id=73"},"modified":"2026-03-16T16:41:31","modified_gmt":"2026-03-16T16:41:31","slug":"nosotros","status":"publish","type":"page","link":"https:\/\/roundtriptravelsmr.com\/en\/nosotros\/","title":{"rendered":"Us"},"content":{"rendered":"<div data-elementor-type=\"wp-page\" data-elementor-id=\"73\" class=\"elementor elementor-73\" data-elementor-post-type=\"page\">\n\t\t\t\t<div class=\"elementor-element elementor-element-45f103a e-flex e-con-boxed e-con e-parent\" data-id=\"45f103a\" data-element_type=\"container\" data-e-type=\"container\" data-settings=\"{&quot;background_background&quot;:&quot;classic&quot;,&quot;shape_divider_bottom&quot;:&quot;mountains&quot;}\">\n\t\t\t\t\t<div class=\"e-con-inner\">\n\t\t\t\t<div class=\"elementor-shape elementor-shape-bottom\" aria-hidden=\"true\" data-negative=\"false\">\n\t\t\t<svg xmlns=\"http:\/\/www.w3.org\/2000\/svg\" viewbox=\"0 0 1000 100\" preserveaspectratio=\"none\">\n\t<path class=\"elementor-shape-fill\" opacity=\"0.33\" d=\"M473,67.3c-203.9,88.3-263.1-34-320.3,0C66,119.1,0,59.7,0,59.7V0h1000v59.7 c0,0-62.1,26.1-94.9,29.3c-32.8,3.3-62.8-12.3-75.8-22.1C806,49.6,745.3,8.7,694.9,4.7S492.4,59,473,67.3z\"\/>\n\t<path class=\"elementor-shape-fill\" opacity=\"0.66\" d=\"M734,67.3c-45.5,0-77.2-23.2-129.1-39.1c-28.6-8.7-150.3-10.1-254,39.1 s-91.7-34.4-149.2,0C115.7,118.3,0,39.8,0,39.8V0h1000v36.5c0,0-28.2-18.5-92.1-18.5C810.2,18.1,775.7,67.3,734,67.3z\"\/>\n\t<path class=\"elementor-shape-fill\" d=\"M766.1,28.9c-200-57.5-266,65.5-395.1,19.5C242,1.8,242,5.4,184.8,20.6C128,35.8,132.3,44.9,89.9,52.5C28.6,63.7,0,0,0,0 h1000c0,0-9.9,40.9-83.6,48.1S829.6,47,766.1,28.9z\"\/>\n<\/svg>\t\t<\/div>\n\t\t\t\t<div class=\"elementor-element elementor-element-387aeaf elementor-widget elementor-widget-heading\" data-id=\"387aeaf\" data-element_type=\"widget\" data-e-type=\"widget\" data-widget_type=\"heading.default\">\n\t\t\t\t\t<h1 class=\"elementor-heading-title elementor-size-default\">Identidad  Corporativa<\/h1>\t\t\t\t<\/div>\n\t\t\t\t<div class=\"elementor-element elementor-element-6a51e82 elementor-widget__width-initial elementor-widget elementor-widget-text-editor\" data-id=\"6a51e82\" data-element_type=\"widget\" data-e-type=\"widget\" data-widget_type=\"text-editor.default\">\n\t\t\t\t\t\t\t\t\t<p><strong>Agencia De Turismo Autorizada<\/strong><\/p>\t\t\t\t\t\t\t\t<\/div>\n\t\t\t\t\t<\/div>\n\t\t\t\t<\/div>\n\t\t<div class=\"elementor-element elementor-element-f98d9b9 e-flex e-con-boxed e-con e-parent\" data-id=\"f98d9b9\" data-element_type=\"container\" data-e-type=\"container\">\n\t\t\t\t\t<div class=\"e-con-inner\">\n\t\t\t\t<div class=\"elementor-element elementor-element-f67252e elementor-widget elementor-widget-heading\" data-id=\"f67252e\" data-element_type=\"widget\" data-e-type=\"widget\" data-widget_type=\"heading.default\">\n\t\t\t\t\t<h1 class=\"elementor-heading-title elementor-size-default\">Round Trip Travel. SMR<\/h1>\t\t\t\t<\/div>\n\t\t\t\t\t<\/div>\n\t\t\t\t<\/div>\n\t\t<div class=\"elementor-element elementor-element-b8da566 e-flex e-con-boxed e-con e-parent\" data-id=\"b8da566\" data-element_type=\"container\" data-e-type=\"container\">\n\t\t\t\t\t<div class=\"e-con-inner\">\n\t\t\t\t<div class=\"elementor-element elementor-element-bf71cba elementor-widget elementor-widget-text-editor\" data-id=\"bf71cba\" data-element_type=\"widget\" data-e-type=\"widget\" data-widget_type=\"text-editor.default\">\n\t\t\t\t\t\t\t\t\t<p data-start=\"477\" data-end=\"626\"><strong data-start=\"477\" data-end=\"498\">Round Trip Travel. SMR<\/strong>&nbsp;es un proyecto de&nbsp;<strong data-start=\"517\" data-end=\"552\">turismo comunitario en Colombia<\/strong>. Nace desde el territorio y el trabajo directo con comunidades locales.<\/p><p data-start=\"477\" data-end=\"626\"><span style=\"font-family: inherit; font-size: inherit; font-style: inherit; font-variant-ligatures: inherit; font-variant-caps: inherit;\">Trabajamos de la <\/span><span style=\"font-family: inherit; font-size: inherit; font-style: inherit; font-variant-ligatures: inherit; font-variant-caps: inherit;\">mano <\/span><span style=\"font-family: inherit; font-size: inherit; font-style: inherit; font-variant-ligatures: inherit; font-variant-caps: inherit;\">con comunidades campesinas e ind\u00edgenas. De esta manera, promovemos experiencias aut\u00e9nticas y responsables. Adem\u00e1s, buscamos proteger la naturaleza y fortalecer la cultura local.<\/span><\/p>\n<p data-start=\"841\" data-end=\"1029\">Operamos Directo y en Alianzas en regiones como la&nbsp;<strong data-start=\"870\" data-end=\"902\">The Sierra Nevada de Santa Marta<\/strong>,&nbsp;<strong data-start=\"904\" data-end=\"918\">La Guajira<\/strong>&nbsp;and the&nbsp;<strong data-start=\"924\" data-end=\"947\">Amazonas colombiano<\/strong>. All\u00ed, cada experiencia se construye con respeto por el entorno y las personas.<\/p>\n<p data-start=\"1036\" data-end=\"1179\">Por eso, te invitamos a conocer Colombia de forma consciente. As\u00ed, cada viaje genera un impacto positivo y real&nbsp;en los territorios.<\/p>\t\t\t\t\t\t\t\t<\/div>\n\t\t\t\t\t<\/div>\n\t\t\t\t<\/div>\n\t\t<div class=\"elementor-element elementor-element-5a3fc7f e-flex e-con-boxed e-con e-parent\" data-id=\"5a3fc7f\" data-element_type=\"container\" data-e-type=\"container\">\n\t\t\t\t\t<div class=\"e-con-inner\">\n\t\t<div class=\"elementor-element elementor-element-0f0162a e-con-full e-flex e-con e-child\" data-id=\"0f0162a\" data-element_type=\"container\" data-e-type=\"container\">\n\t\t\t\t<div class=\"elementor-element elementor-element-625d13f elementor-widget__width-initial elementor-widget elementor-widget-image\" data-id=\"625d13f\" data-element_type=\"widget\" data-e-type=\"widget\" data-widget_type=\"image.default\">\n\t\t\t\t\t\t\t\t\t\t\t\t\t\t\t<img fetchpriority=\"high\" decoding=\"async\" width=\"512\" height=\"512\" src=\"https:\/\/roundtriptravelsmr.com\/wp-content\/uploads\/2025\/12\/cropped-Roundtriptravel.smr_.com_.webp\" class=\"attachment-large size-large wp-image-84\" alt=\"\" srcset=\"https:\/\/roundtriptravelsmr.com\/wp-content\/uploads\/2025\/12\/cropped-Roundtriptravel.smr_.com_.webp 512w, https:\/\/roundtriptravelsmr.com\/wp-content\/uploads\/2025\/12\/cropped-Roundtriptravel.smr_.com_-300x300.webp 300w, https:\/\/roundtriptravelsmr.com\/wp-content\/uploads\/2025\/12\/cropped-Roundtriptravel.smr_.com_-150x150.webp 150w, https:\/\/roundtriptravelsmr.com\/wp-content\/uploads\/2025\/12\/cropped-Roundtriptravel.smr_.com_-500x500.webp 500w, https:\/\/roundtriptravelsmr.com\/wp-content\/uploads\/2025\/12\/cropped-Roundtriptravel.smr_.com_-100x100.webp 100w, https:\/\/roundtriptravelsmr.com\/wp-content\/uploads\/2025\/12\/cropped-Roundtriptravel.smr_.com_-270x270.webp 270w, https:\/\/roundtriptravelsmr.com\/wp-content\/uploads\/2025\/12\/cropped-Roundtriptravel.smr_.com_-192x192.webp 192w, https:\/\/roundtriptravelsmr.com\/wp-content\/uploads\/2025\/12\/cropped-Roundtriptravel.smr_.com_-180x180.webp 180w, https:\/\/roundtriptravelsmr.com\/wp-content\/uploads\/2025\/12\/cropped-Roundtriptravel.smr_.com_-32x32.webp 32w\" sizes=\"(max-width: 512px) 100vw, 512px\" \/>\t\t\t\t\t\t\t\t\t\t\t\t\t\t\t<\/div>\n\t\t\t\t<\/div>\n\t\t<div class=\"elementor-element elementor-element-aa21776 e-con-full e-flex e-con e-child\" data-id=\"aa21776\" data-element_type=\"container\" data-e-type=\"container\">\n\t\t\t\t<div class=\"elementor-element elementor-element-af10672 elementor-widget elementor-widget-heading\" data-id=\"af10672\" data-element_type=\"widget\" data-e-type=\"widget\" data-widget_type=\"heading.default\">\n\t\t\t\t\t<h2 class=\"elementor-heading-title elementor-size-default\">Principios s\u00f3lidos<\/h2>\t\t\t\t<\/div>\n\t\t\t\t<div class=\"elementor-element elementor-element-67bdd6c elementor-widget elementor-widget-text-editor\" data-id=\"67bdd6c\" data-element_type=\"widget\" data-e-type=\"widget\" data-widget_type=\"text-editor.default\">\n\t\t\t\t\t\t\t\t\t<p>Nos guiamos por el &nbsp;<strong data-start=\"148\" data-end=\"159\">respeto<\/strong>&nbsp;hacia las culturas y la naturaleza,&nbsp;<strong data-start=\"194\" data-end=\"211\">transparencia<\/strong>&nbsp;en nuestras acciones,&nbsp;<strong data-start=\"234\" data-end=\"249\">puntualidad<\/strong>&nbsp;and&nbsp;<strong data-start=\"252\" data-end=\"266\">compromiso<\/strong>&nbsp;con cada viajero,&nbsp;<strong data-start=\"285\" data-end=\"298\">seguridad<\/strong>&nbsp;en cada experiencia, y una profunda&nbsp;<strong data-start=\"335\" data-end=\"365\">conexi\u00f3n con el territorio<\/strong>.&nbsp;<\/p>\n<p><span style=\"font-family: inherit; font-size: inherit; font-style: inherit; font-variant-ligatures: inherit; font-variant-caps: inherit; letter-spacing: 0px; word-spacing: 0em;\">Estos valores nos inspiran a crear viajes aut\u00e9nticos, responsables y transformadores.<\/span><\/p>\t\t\t\t\t\t\t\t<\/div>\n\t\t\t\t<\/div>\n\t\t\t\t\t<\/div>\n\t\t\t\t<\/div>\n\t\t<div class=\"elementor-element elementor-element-d5a4661 e-flex e-con-boxed e-con e-parent\" data-id=\"d5a4661\" data-element_type=\"container\" data-e-type=\"container\">\n\t\t\t\t\t<div class=\"e-con-inner\">\n\t\t<div class=\"elementor-element elementor-element-28414b3 e-con-full e-flex e-con e-child\" data-id=\"28414b3\" data-element_type=\"container\" data-e-type=\"container\">\n\t\t\t\t<div class=\"elementor-element elementor-element-08fea2d elementor-widget elementor-widget-heading\" data-id=\"08fea2d\" data-element_type=\"widget\" data-e-type=\"widget\" data-widget_type=\"heading.default\">\n\t\t\t\t\t<h2 class=\"elementor-heading-title elementor-size-default\">Propuesta de Valor<\/h2>\t\t\t\t<\/div>\n\t\t\t\t<div class=\"elementor-element elementor-element-c756c8a elementor-widget elementor-widget-text-editor\" data-id=\"c756c8a\" data-element_type=\"widget\" data-e-type=\"widget\" data-widget_type=\"text-editor.default\">\n\t\t\t\t\t\t\t\t\t<p>Conectamos a los viajeros con el alma de cada destino a trav\u00e9s de experiencias aut\u00e9nticas de inmersi\u00f3n cultural y natural. que promueven el bienestar, la introspecci\u00f3n y el respeto por el territorio. M\u00e1s que viajes ofrecemos caminos de transformaci\u00f3n personal, donde cada encuentro, cada paisaje y cada historia tiene el poder de cambiar tu vida.<\/p>\t\t\t\t\t\t\t\t<\/div>\n\t\t\t\t<\/div>\n\t\t<div class=\"elementor-element elementor-element-66a26af e-con-full e-flex e-con e-child\" data-id=\"66a26af\" data-element_type=\"container\" data-e-type=\"container\">\n\t\t\t\t<div class=\"elementor-element elementor-element-8a61239 elementor-widget__width-initial elementor-widget elementor-widget-image\" data-id=\"8a61239\" data-element_type=\"widget\" data-e-type=\"widget\" data-widget_type=\"image.default\">\n\t\t\t\t\t\t\t\t\t\t\t\t\t\t\t<img decoding=\"async\" width=\"500\" height=\"500\" src=\"https:\/\/roundtriptravelsmr.com\/wp-content\/uploads\/2025\/12\/Roundtriptravel.smr_.com-logo-3.webp\" class=\"attachment-large size-large wp-image-161\" alt=\"\" srcset=\"https:\/\/roundtriptravelsmr.com\/wp-content\/uploads\/2025\/12\/Roundtriptravel.smr_.com-logo-3.webp 500w, https:\/\/roundtriptravelsmr.com\/wp-content\/uploads\/2025\/12\/Roundtriptravel.smr_.com-logo-3-300x300.webp 300w, https:\/\/roundtriptravelsmr.com\/wp-content\/uploads\/2025\/12\/Roundtriptravel.smr_.com-logo-3-150x150.webp 150w, https:\/\/roundtriptravelsmr.com\/wp-content\/uploads\/2025\/12\/Roundtriptravel.smr_.com-logo-3-100x100.webp 100w\" sizes=\"(max-width: 500px) 100vw, 500px\" \/>\t\t\t\t\t\t\t\t\t\t\t\t\t\t\t<\/div>\n\t\t\t\t<\/div>\n\t\t\t\t\t<\/div>\n\t\t\t\t<\/div>\n\t\t<div class=\"elementor-element elementor-element-ccaa92c e-flex e-con-boxed e-con e-parent\" data-id=\"ccaa92c\" data-element_type=\"container\" data-e-type=\"container\">\n\t\t\t\t\t<div class=\"e-con-inner\">\n\t\t<div class=\"elementor-element elementor-element-93901d2 e-con-full e-flex e-con e-child\" data-id=\"93901d2\" data-element_type=\"container\" data-e-type=\"container\">\n\t\t\t\t<div class=\"elementor-element elementor-element-a8c1e9e elementor-widget elementor-widget-heading\" data-id=\"a8c1e9e\" data-element_type=\"widget\" data-e-type=\"widget\" data-widget_type=\"heading.default\">\n\t\t\t\t\t<h2 class=\"elementor-heading-title elementor-size-default\">Misi\u00f3n<\/h2>\t\t\t\t<\/div>\n\t\t\t\t<div class=\"elementor-element elementor-element-745aac9 elementor-widget elementor-widget-text-editor\" data-id=\"745aac9\" data-element_type=\"widget\" data-e-type=\"widget\" data-widget_type=\"text-editor.default\">\n\t\t\t\t\t\t\t\t\t<p>Creemos que las mejores experiencias no se encuentran en los mapas, sino en las vivencias reales que conectan con la esencia de los lugres y su gente. Por eso, dise\u00f1amos experiencias aut\u00e9nticas de turismo ecol\u00f3gico, etnocultura y de aventura que permiten al viajero vivir el territorio desde adentro, en contacto directo con comunidades locales, naturaleza viva y tradiciones genuinas.<\/p><p>Nos mueve el <span style=\"color: #164d4a;\"><strong>compromiso<\/strong><\/span> con la <span style=\"color: #164d4a;\"><strong>sostenibilidad<\/strong><\/span>, the <strong>cultural respect<\/strong>\u00a0and the\u00a0<strong>valor humano<\/strong>\u00a0en cada encuentro.<\/p>\t\t\t\t\t\t\t\t<\/div>\n\t\t\t\t<\/div>\n\t\t<div class=\"elementor-element elementor-element-98e53a8 e-con-full e-flex e-con e-child\" data-id=\"98e53a8\" data-element_type=\"container\" data-e-type=\"container\">\n\t\t\t\t<div class=\"elementor-element elementor-element-ad52088 elementor-widget elementor-widget-heading\" data-id=\"ad52088\" data-element_type=\"widget\" data-e-type=\"widget\" data-widget_type=\"heading.default\">\n\t\t\t\t\t<h2 class=\"elementor-heading-title elementor-size-default\">Visi\u00f3n<\/h2>\t\t\t\t<\/div>\n\t\t\t\t<div class=\"elementor-element elementor-element-1e2b2e5 elementor-widget elementor-widget-text-editor\" data-id=\"1e2b2e5\" data-element_type=\"widget\" data-e-type=\"widget\" data-widget_type=\"text-editor.default\">\n\t\t\t\t\t\t\t\t\t<p data-start=\"352\" data-end=\"389\">Para el a\u00f1o 2033 seremos una agencia operadora de turismo reconocida por crear experiencias aut\u00e9nticas que conectan profundamente al viajero con la naturaleza, la cultura y la esencia de cada territorio.\u00a0<\/p><p data-start=\"352\" data-end=\"389\">Facilitando viajes transformadores que sigan promoviendo el bienestar, la introspecci\u00f3n y el respeto por los entornos locales, posicion\u00e1ndonos como puente entre el alma del territorio y quienes buscan reconectar consigo mismo.<\/p>\t\t\t\t\t\t\t\t<\/div>\n\t\t\t\t<\/div>\n\t\t\t\t\t<\/div>\n\t\t\t\t<\/div>\n\t\t\t\t<\/div>","protected":false},"excerpt":{"rendered":"<p>Identidad Corporativa Agencia De Turismo Autorizada Round Trip Travel. SMR Round Trip Travel. SMR&nbsp;es un proyecto de&nbsp;turismo comunitario en Colombia. Nace desde el territorio y el trabajo directo con comunidades locales. Trabajamos de la mano con comunidades campesinas e ind\u00edgenas. De esta manera, promovemos experiencias aut\u00e9nticas y responsables. Adem\u00e1s, buscamos proteger la naturaleza y fortalecer [&hellip;]<\/p>\n","protected":false},"author":1,"featured_media":0,"parent":0,"menu_order":0,"comment_status":"closed","ping_status":"closed","template":"elementor_header_footer","meta":{"_joinchat":[],"footnotes":""},"class_list":["post-73","page","type-page","status-publish","hentry"],"blocksy_meta":[],"yoast_head":"<!-- This site is optimized with the Yoast SEO plugin v27.3 - https:\/\/yoast.com\/product\/yoast-seo-wordpress\/ -->\n<title>Qui\u00e9nes Somos | Turismo Comunitario y Experiencias Aut\u00e9nticas<\/title>\n<meta name=\"description\" content=\"Conoce Round Trip Travel, un proyecto de turismo comunitario en Colombia que conecta viajeros con naturaleza, cultura y comunidades locales.\" \/>\n<meta name=\"robots\" content=\"index, follow, max-snippet:-1, max-image-preview:large, max-video-preview:-1\" \/>\n<link rel=\"canonical\" href=\"https:\/\/roundtriptravelsmr.com\/en\/nosotros\/\" \/>\n<meta property=\"og:locale\" content=\"en_US\" \/>\n<meta property=\"og:type\" content=\"article\" \/>\n<meta property=\"og:title\" content=\"Qui\u00e9nes Somos | Turismo Comunitario y Experiencias Aut\u00e9nticas\" \/>\n<meta property=\"og:description\" content=\"Conoce Round Trip Travel, un proyecto de turismo comunitario en Colombia que conecta viajeros con naturaleza, cultura y comunidades locales.\" \/>\n<meta property=\"og:url\" content=\"https:\/\/roundtriptravelsmr.com\/en\/nosotros\/\" \/>\n<meta property=\"og:site_name\" content=\"roundtriptravel.smr\" \/>\n<meta property=\"article:publisher\" content=\"https:\/\/www.facebook.com\/people\/Round-Trip-Travel-SMR\/61559917118221\/\" \/>\n<meta property=\"article:modified_time\" content=\"2026-03-16T16:41:31+00:00\" \/>\n<meta property=\"og:image\" content=\"https:\/\/roundtriptravelsmr.com\/wp-content\/uploads\/2025\/12\/cropped-Roundtriptravel.smr_.com_.webp\" \/>\n\t<meta property=\"og:image:width\" content=\"512\" \/>\n\t<meta property=\"og:image:height\" content=\"512\" \/>\n\t<meta property=\"og:image:type\" content=\"image\/webp\" \/>\n<meta name=\"twitter:card\" content=\"summary_large_image\" \/>\n<meta name=\"twitter:label1\" content=\"Est. reading time\" \/>\n\t<meta name=\"twitter:data1\" content=\"2 minutes\" \/>\n<script type=\"application\/ld+json\" class=\"yoast-schema-graph\">{\"@context\":\"https:\\\/\\\/schema.org\",\"@graph\":[{\"@type\":\"WebPage\",\"@id\":\"https:\\\/\\\/roundtriptravelsmr.com\\\/nosotros\\\/\",\"url\":\"https:\\\/\\\/roundtriptravelsmr.com\\\/nosotros\\\/\",\"name\":\"Qui\u00e9nes Somos | Turismo Comunitario y Experiencias Aut\u00e9nticas\",\"isPartOf\":{\"@id\":\"https:\\\/\\\/roundtriptravelsmr.com\\\/#website\"},\"primaryImageOfPage\":{\"@id\":\"https:\\\/\\\/roundtriptravelsmr.com\\\/nosotros\\\/#primaryimage\"},\"image\":{\"@id\":\"https:\\\/\\\/roundtriptravelsmr.com\\\/nosotros\\\/#primaryimage\"},\"thumbnailUrl\":\"https:\\\/\\\/roundtriptravelsmr.com\\\/wp-content\\\/uploads\\\/2025\\\/12\\\/cropped-Roundtriptravel.smr_.com_.webp\",\"datePublished\":\"2025-12-02T15:31:05+00:00\",\"dateModified\":\"2026-03-16T16:41:31+00:00\",\"description\":\"Conoce Round Trip Travel, un proyecto de turismo comunitario en Colombia que conecta viajeros con naturaleza, cultura y comunidades locales.\",\"breadcrumb\":{\"@id\":\"https:\\\/\\\/roundtriptravelsmr.com\\\/nosotros\\\/#breadcrumb\"},\"inLanguage\":\"en-US\",\"potentialAction\":[{\"@type\":\"ReadAction\",\"target\":[\"https:\\\/\\\/roundtriptravelsmr.com\\\/nosotros\\\/\"]}]},{\"@type\":\"ImageObject\",\"inLanguage\":\"en-US\",\"@id\":\"https:\\\/\\\/roundtriptravelsmr.com\\\/nosotros\\\/#primaryimage\",\"url\":\"https:\\\/\\\/roundtriptravelsmr.com\\\/wp-content\\\/uploads\\\/2025\\\/12\\\/cropped-Roundtriptravel.smr_.com_.webp\",\"contentUrl\":\"https:\\\/\\\/roundtriptravelsmr.com\\\/wp-content\\\/uploads\\\/2025\\\/12\\\/cropped-Roundtriptravel.smr_.com_.webp\"},{\"@type\":\"BreadcrumbList\",\"@id\":\"https:\\\/\\\/roundtriptravelsmr.com\\\/nosotros\\\/#breadcrumb\",\"itemListElement\":[{\"@type\":\"ListItem\",\"position\":1,\"name\":\"Inicio\",\"item\":\"https:\\\/\\\/roundtriptravelsmr.com\\\/\"},{\"@type\":\"ListItem\",\"position\":2,\"name\":\"Nosotros\"}]},{\"@type\":\"WebSite\",\"@id\":\"https:\\\/\\\/roundtriptravelsmr.com\\\/#website\",\"url\":\"https:\\\/\\\/roundtriptravelsmr.com\\\/\",\"name\":\"roundtriptravel.smr\",\"description\":\"Tours en toda Colombia\",\"publisher\":{\"@id\":\"https:\\\/\\\/roundtriptravelsmr.com\\\/#organization\"},\"alternateName\":\"Round Trip Travel. SMR\",\"potentialAction\":[{\"@type\":\"SearchAction\",\"target\":{\"@type\":\"EntryPoint\",\"urlTemplate\":\"https:\\\/\\\/roundtriptravelsmr.com\\\/?s={search_term_string}\"},\"query-input\":{\"@type\":\"PropertyValueSpecification\",\"valueRequired\":true,\"valueName\":\"search_term_string\"}}],\"inLanguage\":\"en-US\"},{\"@type\":\"Organization\",\"@id\":\"https:\\\/\\\/roundtriptravelsmr.com\\\/#organization\",\"name\":\"Round Trip Travel. SMR\",\"url\":\"https:\\\/\\\/roundtriptravelsmr.com\\\/\",\"logo\":{\"@type\":\"ImageObject\",\"inLanguage\":\"en-US\",\"@id\":\"https:\\\/\\\/roundtriptravelsmr.com\\\/#\\\/schema\\\/logo\\\/image\\\/\",\"url\":\"https:\\\/\\\/roundtriptravelsmr.com\\\/wp-content\\\/uploads\\\/2025\\\/12\\\/Roundtriptravel.smr_.com-2.webp\",\"contentUrl\":\"https:\\\/\\\/roundtriptravelsmr.com\\\/wp-content\\\/uploads\\\/2025\\\/12\\\/Roundtriptravel.smr_.com-2.webp\",\"width\":1031,\"height\":545,\"caption\":\"Round Trip Travel. SMR\"},\"image\":{\"@id\":\"https:\\\/\\\/roundtriptravelsmr.com\\\/#\\\/schema\\\/logo\\\/image\\\/\"},\"sameAs\":[\"https:\\\/\\\/www.facebook.com\\\/people\\\/Round-Trip-Travel-SMR\\\/61559917118221\\\/\",\"https:\\\/\\\/www.instagram.com\\\/roundtriptravel_\\\/\"]}]}<\/script>\n<!-- \/ Yoast SEO plugin. -->","yoast_head_json":{"title":"Qui\u00e9nes Somos | Turismo Comunitario y Experiencias Aut\u00e9nticas","description":"Conoce Round Trip Travel, un proyecto de turismo comunitario en Colombia que conecta viajeros con naturaleza, cultura y comunidades locales.","robots":{"index":"index","follow":"follow","max-snippet":"max-snippet:-1","max-image-preview":"max-image-preview:large","max-video-preview":"max-video-preview:-1"},"canonical":"https:\/\/roundtriptravelsmr.com\/en\/nosotros\/","og_locale":"en_US","og_type":"article","og_title":"Qui\u00e9nes Somos | Turismo Comunitario y Experiencias Aut\u00e9nticas","og_description":"Conoce Round Trip Travel, un proyecto de turismo comunitario en Colombia que conecta viajeros con naturaleza, cultura y comunidades locales.","og_url":"https:\/\/roundtriptravelsmr.com\/en\/nosotros\/","og_site_name":"roundtriptravel.smr","article_publisher":"https:\/\/www.facebook.com\/people\/Round-Trip-Travel-SMR\/61559917118221\/","article_modified_time":"2026-03-16T16:41:31+00:00","og_image":[{"width":512,"height":512,"url":"https:\/\/roundtriptravelsmr.com\/wp-content\/uploads\/2025\/12\/cropped-Roundtriptravel.smr_.com_.webp","type":"image\/webp"}],"twitter_card":"summary_large_image","twitter_misc":{"Est. reading time":"2 minutes"},"schema":{"@context":"https:\/\/schema.org","@graph":[{"@type":"WebPage","@id":"https:\/\/roundtriptravelsmr.com\/nosotros\/","url":"https:\/\/roundtriptravelsmr.com\/nosotros\/","name":"Qui\u00e9nes Somos | Turismo Comunitario y Experiencias Aut\u00e9nticas","isPartOf":{"@id":"https:\/\/roundtriptravelsmr.com\/#website"},"primaryImageOfPage":{"@id":"https:\/\/roundtriptravelsmr.com\/nosotros\/#primaryimage"},"image":{"@id":"https:\/\/roundtriptravelsmr.com\/nosotros\/#primaryimage"},"thumbnailUrl":"https:\/\/roundtriptravelsmr.com\/wp-content\/uploads\/2025\/12\/cropped-Roundtriptravel.smr_.com_.webp","datePublished":"2025-12-02T15:31:05+00:00","dateModified":"2026-03-16T16:41:31+00:00","description":"Conoce Round Trip Travel, un proyecto de turismo comunitario en Colombia que conecta viajeros con naturaleza, cultura y comunidades locales.","breadcrumb":{"@id":"https:\/\/roundtriptravelsmr.com\/nosotros\/#breadcrumb"},"inLanguage":"en-US","potentialAction":[{"@type":"ReadAction","target":["https:\/\/roundtriptravelsmr.com\/nosotros\/"]}]},{"@type":"ImageObject","inLanguage":"en-US","@id":"https:\/\/roundtriptravelsmr.com\/nosotros\/#primaryimage","url":"https:\/\/roundtriptravelsmr.com\/wp-content\/uploads\/2025\/12\/cropped-Roundtriptravel.smr_.com_.webp","contentUrl":"https:\/\/roundtriptravelsmr.com\/wp-content\/uploads\/2025\/12\/cropped-Roundtriptravel.smr_.com_.webp"},{"@type":"BreadcrumbList","@id":"https:\/\/roundtriptravelsmr.com\/nosotros\/#breadcrumb","itemListElement":[{"@type":"ListItem","position":1,"name":"Inicio","item":"https:\/\/roundtriptravelsmr.com\/"},{"@type":"ListItem","position":2,"name":"Nosotros"}]},{"@type":"WebSite","@id":"https:\/\/roundtriptravelsmr.com\/#website","url":"https:\/\/roundtriptravelsmr.com\/","name":"roundtriptravel.smr","description":"Tours in all of Colombia","publisher":{"@id":"https:\/\/roundtriptravelsmr.com\/#organization"},"alternateName":"Round Trip Travel. SMR","potentialAction":[{"@type":"SearchAction","target":{"@type":"EntryPoint","urlTemplate":"https:\/\/roundtriptravelsmr.com\/?s={search_term_string}"},"query-input":{"@type":"PropertyValueSpecification","valueRequired":true,"valueName":"search_term_string"}}],"inLanguage":"en-US"},{"@type":"Organization","@id":"https:\/\/roundtriptravelsmr.com\/#organization","name":"Round Trip Travel. SMR","url":"https:\/\/roundtriptravelsmr.com\/","logo":{"@type":"ImageObject","inLanguage":"en-US","@id":"https:\/\/roundtriptravelsmr.com\/#\/schema\/logo\/image\/","url":"https:\/\/roundtriptravelsmr.com\/wp-content\/uploads\/2025\/12\/Roundtriptravel.smr_.com-2.webp","contentUrl":"https:\/\/roundtriptravelsmr.com\/wp-content\/uploads\/2025\/12\/Roundtriptravel.smr_.com-2.webp","width":1031,"height":545,"caption":"Round Trip Travel. SMR"},"image":{"@id":"https:\/\/roundtriptravelsmr.com\/#\/schema\/logo\/image\/"},"sameAs":["https:\/\/www.facebook.com\/people\/Round-Trip-Travel-SMR\/61559917118221\/","https:\/\/www.instagram.com\/roundtriptravel_\/"]}]}},"_links":{"self":[{"href":"https:\/\/roundtriptravelsmr.com\/en\/wp-json\/wp\/v2\/pages\/73","targetHints":{"allow":["GET"]}}],"collection":[{"href":"https:\/\/roundtriptravelsmr.com\/en\/wp-json\/wp\/v2\/pages"}],"about":[{"href":"https:\/\/roundtriptravelsmr.com\/en\/wp-json\/wp\/v2\/types\/page"}],"author":[{"embeddable":true,"href":"https:\/\/roundtriptravelsmr.com\/en\/wp-json\/wp\/v2\/users\/1"}],"replies":[{"embeddable":true,"href":"https:\/\/roundtriptravelsmr.com\/en\/wp-json\/wp\/v2\/comments?post=73"}],"version-history":[{"count":46,"href":"https:\/\/roundtriptravelsmr.com\/en\/wp-json\/wp\/v2\/pages\/73\/revisions"}],"predecessor-version":[{"id":4630,"href":"https:\/\/roundtriptravelsmr.com\/en\/wp-json\/wp\/v2\/pages\/73\/revisions\/4630"}],"wp:attachment":[{"href":"https:\/\/roundtriptravelsmr.com\/en\/wp-json\/wp\/v2\/media?parent=73"}],"curies":[{"name":"wp","href":"https:\/\/api.w.org\/{rel}","templated":true}]}}